{"id":1531,"date":"2022-10-23T12:10:22","date_gmt":"2022-10-23T12:10:22","guid":{"rendered":"https:\/\/europeanforum.eu\/?page_id=1531"},"modified":"2022-10-30T13:38:42","modified_gmt":"2022-10-30T13:38:42","slug":"declaration-finale-2022","status":"publish","type":"page","link":"https:\/\/europeanforum.eu\/fr\/athenes-2022\/declaration-finale-2022\/","title":{"rendered":"D\u00e9claration finale 2022"},"content":{"rendered":"\n<h2 class=\"has-text-align-center wp-block-heading\">Forum Europ\u00e9en 2022<\/h2>\n\n\n\n<h1 class=\"has-text-align-center has-text-color wp-block-heading\" style=\"color:#a206e5\"><strong>6\u00e8me \u00e9dition FORUM EUROPEEN des forces de Gauche, Vertes et Progressistes<\/strong><\/h1>\n\n\n\n<div class=\"wp-block-file aligncenter\"><a href=\"https:\/\/europeanforum.eu\/wp-content\/uploads\/2022\/10\/FR-Declaration-finale-1.pdf\" class=\"wp-block-file__button\" download>T\u00e9l\u00e9charger la DECLARATION FINALE FR (pdf)<\/a><\/div>\n\n\n\n<p><\/p>\n\n\n\n<p><\/p>\n\n\n\n<p><\/p>\n","protected":false},"excerpt":{"rendered":"<p>Forum Europ\u00e9en 2022 6\u00e8me \u00e9dition FORUM EUROPEEN des forces de Gauche, Vertes et Progressistes<\/p>\n","protected":false},"author":5,"featured_media":0,"parent":1524,"menu_order":0,"comment_status":"closed","ping_status":"closed","template":"","meta":[],"acf":[],"_links":{"self":[{"href":"https:\/\/europeanforum.eu\/fr\/wp-json\/wp\/v2\/pages\/1531"}],"collection":[{"href":"https:\/\/europeanforum.eu\/fr\/wp-json\/wp\/v2\/pages"}],"about":[{"href":"https:\/\/europeanforum.eu\/fr\/wp-json\/wp\/v2\/types\/page"}],"author":[{"embeddable":true,"href":"https:\/\/europeanforum.eu\/fr\/wp-json\/wp\/v2\/users\/5"}],"replies":[{"embeddable":true,"href":"https:\/\/europeanforum.eu\/fr\/wp-json\/wp\/v2\/comments?post=1531"}],"version-history":[{"count":13,"href":"https:\/\/europeanforum.eu\/fr\/wp-json\/wp\/v2\/pages\/1531\/revisions"}],"predecessor-version":[{"id":1619,"href":"https:\/\/europeanforum.eu\/fr\/wp-json\/wp\/v2\/pages\/1531\/revisions\/1619"}],"up":[{"embeddable":true,"href":"https:\/\/europeanforum.eu\/fr\/wp-json\/wp\/v2\/pages\/1524"}],"wp:attachment":[{"href":"https:\/\/europeanforum.eu\/fr\/wp-json\/wp\/v2\/media?parent=1531"}],"curies":[{"name":"wp","href":"https:\/\/api.w.org\/{rel}","templated":true}]}}