{"id":937,"date":"2020-10-17T21:08:38","date_gmt":"2020-10-17T21:08:38","guid":{"rendered":"https:\/\/europeanforum.eu\/?page_id=937"},"modified":"2021-10-19T19:51:48","modified_gmt":"2021-10-19T19:51:48","slug":"declaration-finale-2020","status":"publish","type":"page","link":"https:\/\/europeanforum.eu\/fr\/online-2020\/declaration-finale-2020\/","title":{"rendered":"D\u00e9claration finale du Forum 2020"},"content":{"rendered":"\n<h2 class=\"has-text-align-center has-vivid-red-color has-white-background-color has-text-color has-background wp-block-heading\"><strong><em>Forum europ\u00e9en 2020<\/em><\/strong><\/h2>\n\n\n\n<h1 class=\"has-text-align-center has-vivid-purple-color has-white-background-color has-text-color has-background wp-block-heading\"><strong><em>Un plan des initiatives conjointes pour une Europe plus juste et plus verte<\/em><\/strong><\/h1>\n\n\n\n<div class=\"wp-block-file\"><a href=\"https:\/\/europeanforum.eu\/wp-content\/uploads\/2020\/12\/FD_EF_FR-1.pdf\" class=\"wp-block-file__button\" download>T\u00e9l\u00e9charger la d\u00e9claration finale du Forum<br><\/a><\/div>\n\n\n\n<p>Le quatri\u00e8me Forum europ\u00e9en annuel des forces de gauche, vertes et progressistes, le premier organis\u00e9 enti\u00e8rement en ligne, a r\u00e9uni plus de 1500 personnes de 57 pays d&rsquo;Europe et d&rsquo;ailleurs pour r\u00e9pondre aux crises sanitaires, sociales, \u00e9conomiques et environnementales auxquelles le continent est confront\u00e9. Plus de 950 personnes ont particip\u00e9 \u00e0 54 heures de d\u00e9bat. Au total, 22 \u00e9v\u00e9nements ont \u00e9t\u00e9 <a rel=\"noreferrer noopener\" href=\"https:\/\/www.facebook.com\/EuropeanForumEu\/videos\/?ref=page_internal\" target=\"_blank\">diffus\u00e9s en direct<\/a> sur les r\u00e9seaux sociaux et partag\u00e9s par 480 comptes.<br><\/p>\n\n\n\n<p><strong>Retrouvez ici le replay (<a rel=\"noreferrer noopener\" href=\"https:\/\/www.facebook.com\/EuropeanForumEu\/videos\/?ref=page_internal\" target=\"_blank\">Facebook<\/a>&nbsp;et&nbsp;<a rel=\"noreferrer noopener\" href=\"https:\/\/www.youtube.com\/watch?v=XFpLeuzs2xY&amp;list=PLQuJQB0_YKlB6J4GlTixXMHjTQsTxv41y\" target=\"_blank\">Youtube<\/a>) et les&nbsp;<a rel=\"noreferrer noopener\" href=\"https:\/\/europeanforum.eu\/online-2020\/programme-2020\/\" target=\"_blank\">comptes rendus<\/a>&nbsp;de toutes les sessions.<\/strong><\/p>\n\n\n\n<p><br>160 orateur.rice.s, mod\u00e9rateur.rice.s et rapporteur.e.s, dont 83 femmes et 77 hommes, ont anim\u00e9 les d\u00e9bats. La <a rel=\"noreferrer noopener\" href=\"https:\/\/europeanforum.eu\/2020\/11\/26\/final-declaration-2020\/\" target=\"_blank\">D\u00e9claration finale du Forum<\/a>, approuv\u00e9e par plus de 140 membres de partis politiques progressistes, de gauche et verts, de syndicats, d&rsquo;ONG et de mouvements sociaux, rassemble les r\u00e9sultats de ces d\u00e9bats. Elle reconna\u00eet l&rsquo;urgence de d\u00e9fendre et de promouvoir une meilleure Europe, un espace commun b\u00e2ti sur des fondations sociales, \u00e9galitaires et durables, une Union pleinement d\u00e9mocratique et qui joue son r\u00f4le dans la construction d&rsquo;un monde en paix.<br><br>Les travailleur.euse.s ont vu leurs salaires et leurs conditions de travail, ainsi que l\u2019\u00e9quilibre entre leur vie professionnelle et leur vie priv\u00e9e, s&rsquo;effondrer au cours des derni\u00e8res d\u00e9cennies. <a rel=\"noreferrer noopener\" href=\"https:\/\/www.facebook.com\/487038931793518\/videos\/217466486410844\" target=\"_blank\">Cette tendance<\/a> n&rsquo;est qu&rsquo;exacerb\u00e9e par le COVID-19.<br>Une reprise significative apr\u00e8s la pand\u00e9mie n\u00e9cessite d\u2019inverser cette tendance. Pour le Forum, une premi\u00e8re \u00e9tape cruciale consiste \u00e0 soutenir <strong><a rel=\"noreferrer noopener\" href=\"https:\/\/ec.europa.eu\/commission\/presscorner\/detail\/en\/ip_20_1499\" target=\"_blank\">l\u2019initiative citoyenne europ\u00e9enne<\/a> qui milite pour un <a rel=\"noreferrer noopener\" href=\"https:\/\/www.youtube.com\/watch?v=psnQLeAKcdo\" target=\"_blank\">acc\u00e8s gratuit aux vaccins<\/a> et aux traitements pour tou.te.s. Il appelle \u00e0 une action l\u00e9gislative concr\u00e8te et <a rel=\"noreferrer noopener\" href=\"https:\/\/noprofitonpandemic.eu\/\" target=\"_blank\">a besoin d\u2019un million de signatures<\/a> pour figurer \u00e0 l\u2019ordre du jour de la Commission europ\u00e9enne.<\/strong><br><br>Mais apr\u00e8s le d\u00e9ploiement du vaccin, les Europ\u00e9en.ne.s auront besoin d&rsquo;un filet de s\u00e9curit\u00e9 sociale permanent qui les prot\u00e8ge de la pr\u00e9carit\u00e9, des bas salaires et des in\u00e9galit\u00e9s. \u00c0 cette fin, le Forum appelle \u00e0 <a rel=\"noreferrer noopener\" href=\"https:\/\/www.youtube.com\/watch?v=doIZCGF8nqM&amp;list=PLQuJQB0_YKlB6J4GlTixXMHjTQsTxv41y&amp;index=8\" target=\"_blank\">la fin des pactes d&rsquo;aust\u00e9rit\u00e9<\/a> budg\u00e9taire et de la politique de la dette sans fin, et appelle de ses v\u0153ux une coordination et une convergence plus profondes entre tous les \u00c9tats comme moyen d&rsquo;assurer la protection sociale et \u00e9conomique de millions de travailleur.euse.s. Dans ce sens, une prochaine conf\u00e9rence d\u00e9battra de l&rsquo;annulation de la dette publique ill\u00e9gitime, lancera une discussion ouverte sur les crit\u00e8res de sa classification, et abordera \u00e9galement les nouvelles conditions de financement des \u00e9conomies, dans le cadre de la refonte du r\u00f4le et de la mission de la Banque Centrale Europ\u00e9enne.<br><br>Un syst\u00e8me fiscal plus progressif est la cl\u00e9 d&rsquo;une transition \u00e9cologique \u00e9quitable. <a rel=\"noreferrer noopener\" href=\"https:\/\/www.youtube.com\/watch?v=XKcj54QqXnI\" target=\"_blank\">L&rsquo;Europe a besoin d&rsquo;un plan vert<\/a> garantissant le respect de l&rsquo;Accord de Paris et atteignant la neutralit\u00e9 climatique \u00e0 partir de 2040, garantissant la transition vers une \u00e9nergie 100% renouvelable, liant toute aide verte \u00e0 la cr\u00e9ation d&#8217;emplois avec des salaires \u00e9quitables et des droits du travail. Cela signifie taxer le grand capital et les entreprises multinationales et abolir les paradis fiscaux \u00e0 l&rsquo;int\u00e9rieur et \u00e0 l&rsquo;ext\u00e9rieur de l&rsquo;UE, parall\u00e8lement \u00e0 la priorisation des march\u00e9s internes et r\u00e9gionaux et au<a rel=\"noreferrer noopener\" href=\"https:\/\/www.facebook.com\/487038931793518\/videos\/824766121695039\" target=\"_blank\"> raccourcissement des cha\u00eenes d&rsquo;approvisionnement<\/a> afin de r\u00e9duire la d\u00e9pendance \u00e9trang\u00e8re au moyen de plans \u00e9conomiques, sociaux et environnementaux. Deux \u00e9v\u00e9nements en 2021 mettront en \u00e9vidence ces objectifs:<br><br>La principale demande du premier mai de cette ann\u00e9e sera une plus grande <strong>taxation des grandes entreprises pour aider les secteurs les plus touch\u00e9s par la crise.<\/strong><br>&nbsp;<br><strong>La Journ\u00e9e mondiale de l&rsquo;environnement du 5 juin sera une occasion importante pour les groupes de gauche et progressistes de se r\u00e9unir avec le mouvement environnemental, <a rel=\"noreferrer noopener\" href=\"https:\/\/www.facebook.com\/545702568780968\/videos\/368409784252085\" target=\"_blank\">comme lors du Forum<\/a>, et de prendre position pour une Europe verte.<\/strong><br><br>La Journ\u00e9e internationale des femmes est \u00e9galement \u00e0 l\u2019ordre du jour de 2021. Le 8 mars, les femmes de tout le continent <strong><a rel=\"noreferrer noopener\" href=\"https:\/\/www.facebook.com\/487038931793518\/videos\/222260099317028\" target=\"_blank\">exigeront une Europe sans patriarcat<\/a><\/strong> et la protection des femmes contre les cons\u00e9quences de la crise, d&rsquo;autant plus qu&rsquo;elle a renforc\u00e9 des r\u00f4les de genre r\u00e9gressifs.<br><br><strong>La d\u00e9fense des libert\u00e9s publiques et des droits des citoyen.ne.s contre l&rsquo;autoritarisme est plus importante que jamais<\/strong>; <a rel=\"noreferrer noopener\" href=\"https:\/\/www.youtube.com\/watch?v=yx-fhfoKZr8\" target=\"_blank\">L&rsquo;Europe doit agir contre le racisme et la x\u00e9nophobie<\/a>. L&rsquo;Europe m\u00e9rite une <a rel=\"noreferrer noopener\" href=\"https:\/\/www.youtube.com\/watch?v=o5UdQmBXIeQ&amp;list=PLQuJQB0_YKlB6J4GlTixXMHjTQsTxv41y&amp;index=14\" target=\"_blank\">nouvelle politique migratoire<\/a> juste et durable bas\u00e9e sur la solidarit\u00e9 et le d\u00e9veloppement d&rsquo;un syst\u00e8me d&rsquo;immigration qui permette la r\u00e9gularisation.<br><br>L&rsquo;histoire antiraciste et antifasciste de l&rsquo;Europe progressiste sera au centre d&rsquo;un \u00e9v\u00e9nement qui sera organis\u00e9 au camp de concentration de Mathausen pour marquer la victoire de l&rsquo;Europe contre le nazisme et le fascisme le 8 mai.<br><br><strong>La guerre et les pers\u00e9cutions du pass\u00e9 ne doivent jamais se r\u00e9p\u00e9ter.<\/strong> La priorit\u00e9 doit aller \u00e0 la <a rel=\"noreferrer noopener\" href=\"https:\/\/www.youtube.com\/watch?v=17YjUDCT1ec\" target=\"_blank\">r\u00e9activation des accords internationaux de d\u00e9sarmement et au soutien des initiatives pour une nouvelle politique de s\u00e9curit\u00e9 collective<\/a>, bas\u00e9e sur la d\u00e9tente, la paix et la coop\u00e9ration entre l&rsquo;Europe et ses voisins, ainsi que le d\u00e9mant\u00e8lement des bases militaires et la r\u00e9duction des d\u00e9penses militaires. Cela signifie adh\u00e9rer pleinement \u00e0 la Charte fondatrice de l&rsquo;ONU, rejeter les mesures de blocus et d&#8217;embargo que les \u00c9tats-Unis maintiennent contre Cuba et d&rsquo;autres pays, mesures qui ont \u00e9t\u00e9 rejet\u00e9es par l&rsquo;ONU comme contraires au droit international.<br><br>L&rsquo;Europe est \u00e0 un tournant. Le continent est confront\u00e9 \u00e0 de multiples crises: climat, sant\u00e9, syst\u00e8mes \u00e9conomiques, sociaux et politiques. La convergence des diff\u00e9rents courants politiques (verts, progressistes, communistes et socialistes, f\u00e9ministes) est cruciale pour d\u00e9fendre et promouvoir une Europe construite sur des fondations sociales, \u00e9galitaires et durables, \u00e0 la fois d\u00e9mocratique et antimilitariste.<br><br><strong>Restez connect\u00e9.e.s pour recevoir des informations sur la r\u00e9alisation du plan d&rsquo;action 2021 !<\/strong><\/p>\n","protected":false},"excerpt":{"rendered":"<p>Forum europ\u00e9en 2020 Un plan des initiatives conjointes pour une Europe plus juste et plus verte Le quatri\u00e8me Forum europ\u00e9en annuel des forces de gauche, vertes<span class=\"excerpt-hellip\"> [\u2026]<\/span><\/p>\n","protected":false},"author":1,"featured_media":0,"parent":923,"menu_order":0,"comment_status":"closed","ping_status":"closed","template":"","meta":[],"acf":[],"_links":{"self":[{"href":"https:\/\/europeanforum.eu\/fr\/wp-json\/wp\/v2\/pages\/937"}],"collection":[{"href":"https:\/\/europeanforum.eu\/fr\/wp-json\/wp\/v2\/pages"}],"about":[{"href":"https:\/\/europeanforum.eu\/fr\/wp-json\/wp\/v2\/types\/page"}],"author":[{"embeddable":true,"href":"https:\/\/europeanforum.eu\/fr\/wp-json\/wp\/v2\/users\/1"}],"replies":[{"embeddable":true,"href":"https:\/\/europeanforum.eu\/fr\/wp-json\/wp\/v2\/comments?post=937"}],"version-history":[{"count":17,"href":"https:\/\/europeanforum.eu\/fr\/wp-json\/wp\/v2\/pages\/937\/revisions"}],"predecessor-version":[{"id":1183,"href":"https:\/\/europeanforum.eu\/fr\/wp-json\/wp\/v2\/pages\/937\/revisions\/1183"}],"up":[{"embeddable":true,"href":"https:\/\/europeanforum.eu\/fr\/wp-json\/wp\/v2\/pages\/923"}],"wp:attachment":[{"href":"https:\/\/europeanforum.eu\/fr\/wp-json\/wp\/v2\/media?parent=937"}],"curies":[{"name":"wp","href":"https:\/\/api.w.org\/{rel}","templated":true}]}}